{"id":15,"date":"2016-04-05T00:00:03","date_gmt":"2016-04-04T15:00:03","guid":{"rendered":"\/newtheme_Fullphoto\/?page_id=15"},"modified":"2017-03-24T02:10:52","modified_gmt":"2017-03-23T17:10:52","slug":"internet-booking","status":"publish","type":"page","link":"https:\/\/www.kani-club.jp\/kani\/internet-booking\/","title":{"rendered":"\u30aa\u30f3\u30e9\u30a4\u30f3\u4e88\u7d04"},"content":{"rendered":"<p><!------------------------------------------------\n\tSTART:wrapper: reservation\n--------------------------------------------------><\/p>\n<div class=\"newtheme_reservation\"><!------------------------------------------------\n\t\tunit\n\t--------------------------------------------------><\/p>\n<h3>\u53ef\u5150\u30b4\u30eb\u30d5\u5834 \u30aa\u30f3\u30e9\u30a4\u30f3\u4e88\u7d04\uff08\u30e1\u30f3\u30d0\u30fc\u5c02\u7528\uff09<\/h3>\n<div class=\"mB10\">\u5f53\u30af\u30e9\u30d6\u306e\u30e1\u30f3\u30d0\u30fc\u69d8\u306f\u53ef\u5150\u30b4\u30eb\u30d5\u5834\u306e\u3054\u4e88\u7d04\u3092\u300124\u6642\u9593\u30aa\u30f3\u30e9\u30a4\u30f3\u3067\u306e\u4e88\u7d04\u3092\u53d6\u308b\u3053\u3068\u304c\u53ef\u80fd\u3067\u3059\u3002\u30b4\u30eb\u30d5\u5834\u304b\u3089\u304a\u77e5\u3089\u305b\u3057\u3066\u3044\u308bID\u30fb\u30d1\u30b9\u30ef\u30fc\u30c9\u3067\u3054\u5165\u5ba4\u304f\u3060\u3055\u3044\u3002<br \/>\u30d1\u30b9\u30ef\u30fc\u30c9\u306f\u81ea\u7531\u306b\u5909\u66f4\u3067\u304d\u307e\u3059\u306e\u3067\u3001\u5404\u30de\u30a4\u30da\u30fc\u30b8\u753b\u9762\u306e\u4f1a\u54e1\u60c5\u5831\u5909\u66f4\u3088\u308a\u5909\u66f4\u3092\u304a\u9858\u3044\u81f4\u3057\u307e\u3059\u3002<br \/>\u30ed\u30b0\u30a4\u30f3\u3067\u304d\u306a\u3044\u5834\u5408\u306f\u3001<a href=\"https:\/\/webpack2.jp\/info\/inquiry\/entry\/525304\" target=\"_blank\">\u304a\u554f\u3044\u5408\u308f\u305b<\/a>\u3088\u308a\u3054\u9023\u7d61\u3092\u304a\u9858\u3044\u81f4\u3057\u307e\u3059\u3002<\/div>\n<ul class=\"notes mB30\" style=\"margin-left:15px;\">\n<li>\u30a4\u30f3\u30bf\u30fc\u30cd\u30c3\u30c8\u4e88\u7d04\u306f\u3001\u4e88\u7d04\u5e0c\u671b\u65e5\u3088\u308a88\u65e5\u524d\u304b\u3089\u4e88\u7d04\u53ef\u80fd\u3068\u306a\u308a\u307e\u3059\u3002<br \/>\uff08\u30a4\u30f3\u30bf\u30fc\u30cd\u30c3\u30c8\u306e\u3054\u4e88\u7d04\u958b\u59cb\u65e5\u306f\u901a\u5e38\u306e\u3054\u4e88\u7d04\u958b\u59cb\u65e5\u3068\u306f\u7570\u306a\u308a\u307e\u3059\uff09<\/li>\n<li>\u30a4\u30f3\u30bf\u30fc\u30cd\u30c3\u30c8\u304b\u3089\u306f\u30af\u30e9\u30d6\u7af6\u6280\u306e\u3054\u4e88\u7d04\u304c\u3067\u304d\u307e\u305b\u3093\u306e\u3067\u3054\u6ce8\u610f\u304f\u3060\u3055\u3044\u3002<br \/>\n\u30af\u30e9\u30d6\u7af6\u6280\u306e\u3054\u4e88\u7d04\u306f\u3001\u3054\u6765\u5834\u4e88\u7d04\u30fb\u96fb\u8a71\u4e88\u7d04\u306b\u3066\u304a\u9858\u3044\u81f4\u3057\u307e\u3059\u3002<\/li>\n<\/ul>\n<p><!--div class=\"login_info\">\n\n\n<p style=\"font-size: 16px; font-weight: bold; color: #ff6600; margin: 20px 0 5px 15px;\">\u30e1\u30f3\u30d0\u30fc\u69d8<\/p>\n\n\n\n\n<p style=\"font-size: 15px; font-weight: bold; margin: 0 0 15px 15px;\">\u3010\u30ed\u30b0\u30a4\u30f3ID\u3011\u00d7\u00d7\u00d7\u00d7\u00d7<br \/>\u3010\u30d1\u30b9\u30ef\u30fc\u30c9\u3011\u751f\u5e74\u6708\u65e58\u30b1\u30bf\uff08\u4f8b\uff1a1950\u5e741\u67081\u65e5 \u21d2 19500101\uff09<\/p>\n\n\n<\/div-->\n<div class=\"clear mB30\">\n<a href=\"http:\/\/webpack2.jp\/reserve\/calendar\/member\/525304\" target=\"_blank\"><img loading=\"lazy\" decoding=\"async\" class=\"fl mR10 mB10\" src=\"\/kani\/wp-content\/themes\/skt-full-width\/images\/btn_calendar02.png\" alt=\"\" width=\"291\" height=\"81\" \/><\/a><a href=\"https:\/\/webpack2.jp\/mypage\/top\/member\/525304\n\" target=\"_blank\"><img loading=\"lazy\" decoding=\"async\" src=\"\/kani\/wp-content\/themes\/skt-full-width\/images\/btn_mypage.png\" alt=\"\" width=\"291\" height=\"81\" \/><\/a>\n<\/div>\n<h3>\u4f4f\u6240\u5909\u66f4\u624b\u7d9a\u304d\u306e\u3054\u6848\u5185<\/h3>\n<div class=\"mB20\">\u3053\u3061\u3089\u3067\u3054\u767b\u9332\u3044\u305f\u3060\u304f\u30e6\u30fc\u30b6\u30fc\u60c5\u5831\u306f\u30de\u30a4\u30da\u30fc\u30b8\u5c02\u7528\u3068\u306a\u3063\u3066\u304a\u308a\u307e\u3059\u3002\u4f1a\u54e1\u69d8\u306e\u767b\u9332\u4f4f\u6240\u306e\u5909\u66f4\u306b\u3064\u304d\u307e\u3057\u3066\u306f\u3001\u6240\u5b9a\u306e\u624b\u7d9a\u7528\u7d19\u3092\u304a\u9001\u308a\u3044\u305f\u3057\u307e\u3059\u306e\u3067\u3001\u304a\u624b\u6570\u3067\u3059\u304c\u4e0b\u8a18\u307e\u3067\u3054\u9023\u7d61\u3044\u305f\u3060\u304d\u307e\u3059\u3088\u3046\u304a\u9858\u3044\u7533\u3057\u3042\u3052\u307e\u3059\u3002<\/div>\n<div class=\"mB30\"><span class=\"bold\">\u53ef\u5150\u30af\u30e9\u30d6\u3000\u696d\u52d9\u62c5\u5f53<\/span><br \/>TEL\uff1a0574-64-1172<\/div>\n<\/div>\n<p><!------------------------------------------------\n\tEND:wrapper: reservation\n--------------------------------------------------><\/p>\n","protected":false},"excerpt":{"rendered":"<p>\u53ef\u5150\u30b4\u30eb\u30d5\u5834 \u30aa\u30f3\u30e9\u30a4\u30f3\u4e88\u7d04\uff08\u30e1\u30f3\u30d0\u30fc\u5c02\u7528\uff09 \u5f53\u30af\u30e9\u30d6\u306e\u30e1\u30f3\u30d0\u30fc\u69d8\u306f\u53ef\u5150\u30b4\u30eb\u30d5\u5834\u306e\u3054\u4e88\u7d04\u3092\u300124\u6642\u9593\u30aa\u30f3\u30e9\u30a4\u30f3\u3067\u306e\u4e88\u7d04\u3092\u53d6\u308b\u3053\u3068\u304c\u53ef\u80fd\u3067\u3059\u3002\u30b4\u30eb\u30d5\u5834\u304b\u3089\u304a\u77e5\u3089\u305b\u3057\u3066\u3044\u308bID\u30fb\u30d1\u30b9\u30ef\u30fc\u30c9\u3067\u3054\u5165\u5ba4\u304f\u3060\u3055\u3044\u3002\u30d1\u30b9\u30ef\u30fc\u30c9\u306f\u81ea\u7531\u306b [&hellip;]<\/p>\n","protected":false},"author":1,"featured_media":0,"parent":0,"menu_order":0,"comment_status":"closed","ping_status":"closed","template":"page-full-width.php","meta":{"footnotes":""},"aioseo_notices":[],"_links":{"self":[{"href":"https:\/\/www.kani-club.jp\/kani\/wp-json\/wp\/v2\/pages\/15"}],"collection":[{"href":"https:\/\/www.kani-club.jp\/kani\/wp-json\/wp\/v2\/pages"}],"about":[{"href":"https:\/\/www.kani-club.jp\/kani\/wp-json\/wp\/v2\/types\/page"}],"author":[{"embeddable":true,"href":"https:\/\/www.kani-club.jp\/kani\/wp-json\/wp\/v2\/users\/1"}],"replies":[{"embeddable":true,"href":"https:\/\/www.kani-club.jp\/kani\/wp-json\/wp\/v2\/comments?post=15"}],"version-history":[{"count":7,"href":"https:\/\/www.kani-club.jp\/kani\/wp-json\/wp\/v2\/pages\/15\/revisions"}],"predecessor-version":[{"id":1163,"href":"https:\/\/www.kani-club.jp\/kani\/wp-json\/wp\/v2\/pages\/15\/revisions\/1163"}],"wp:attachment":[{"href":"https:\/\/www.kani-club.jp\/kani\/wp-json\/wp\/v2\/media?parent=15"}],"curies":[{"name":"wp","href":"https:\/\/api.w.org\/{rel}","templated":true}]}}